{"id":6424,"date":"2021-05-10T14:59:20","date_gmt":"2021-05-10T14:59:20","guid":{"rendered":"https:\/\/tierraderesistentes.com\/es\/datos-mobile\/"},"modified":"2022-09-14T16:54:46","modified_gmt":"2022-09-14T16:54:46","slug":"datos-mobile","status":"publish","type":"page","link":"https:\/\/tierraderesistentes.com\/es\/datos-mobile\/","title":{"rendered":"Datos &#8211; mobile"},"content":{"rendered":"<div id=\"tdi_1\" class=\"tdc-zone\"><div class=\"tdc_zone tdi_2  wpb_row td-pb-row\"  >\n<style scoped>\n\/* custom css - generated by TagDiv Composer *\/\n\n\/* custom css - generated by TagDiv Composer *\/\n.tdi_2{\r\n                    min-height: 0;\r\n                }\n<\/style><div id=\"tdi_3\" class=\"tdc-row\"><div class=\"vc_row tdi_4  wpb_row td-pb-row\" >\n<style scoped>\n\/* custom css - generated by TagDiv Composer *\/\n\n\/* custom css - generated by TagDiv Composer *\/\n.tdi_4,\r\n                .tdi_4 .tdc-columns{\r\n                    min-height: 0;\r\n                }.tdi_4,\r\n\t\t\t\t.tdi_4 .tdc-columns{\r\n\t\t\t\t    display: block;\r\n\t\t\t\t}.tdi_4 .tdc-columns{\r\n\t\t\t\t    width: 100%;\r\n\t\t\t\t}.tdi_4:before,\r\n\t\t\t\t.tdi_4:after{\r\n\t\t\t\t    display: table;\r\n\t\t\t\t}\n<\/style><div class=\"vc_column tdi_6  wpb_column vc_column_container tdc-column td-pb-span12\">\n<style scoped>\n\/* custom css - generated by TagDiv Composer *\/\n\n\/* custom css - generated by TagDiv Composer *\/\n.tdi_6{\r\n                    vertical-align: baseline;\r\n                }.tdi_6 > .wpb_wrapper,\r\n\t\t\t\t.tdi_6 > .wpb_wrapper > .tdc-elements{\r\n\t\t\t\t    display: block;\r\n\t\t\t\t}.tdi_6 > .wpb_wrapper > .tdc-elements{\r\n\t\t\t\t    width: 100%;\r\n\t\t\t\t}.tdi_6 > .wpb_wrapper > .vc_row_inner{\r\n\t\t\t\t    width: auto;\r\n\t\t\t\t}.tdi_6 > .wpb_wrapper{\r\n\t\t\t\t    width: auto;\r\n\t\t\t\t    height: auto;\r\n\t\t\t\t}\n<\/style><div class=\"wpb_wrapper\" ><\/p>\n\n\n<header class=\"_2W7Ll\">\n<div>\n<h2 class=\"_3zhjR\"><span class=\"zFuoL\">Los resistentes<\/span> en datos<\/h2>\n<div class=\"_3qVoE\">\n<div>\n<p>Navegue la visualizaci\u00f3n haciendo clic en el pa\u00eds y\/o en los filtros. Haga clic sobre las hojas que representan los l\u00edderes u organizaciones para leer la informaci\u00f3n en detalle.<\/p>\n<\/div>\n<\/div>\n<\/div>\n<nav class=\"_3XD3B\">\n<ul class=\"_3xalu\">\n<li class=\"_7V5HC _3Ys_2\" data-country=\"AR\"><button class=\"_2jLpQ\" type=\"button\">Argentina<\/button><\/li>\n<li class=\"_7V5HC _3Ys_2\" data-country=\"BO\"><button class=\"_2jLpQ\" type=\"button\">Bolivia<\/button><\/li>\n<li class=\"_7V5HC _3Ys_2\" data-country=\"BR\"><button class=\"_2jLpQ\" type=\"button\">Brasil<\/button><\/li>\n<li class=\"_7V5HC _3Ys_2\" data-country=\"CL\"><button class=\"_2jLpQ\" type=\"button\">Chile<\/button><\/li>\n<li class=\"_7V5HC _3Ys_2\" data-country=\"CO\"><button class=\"_2jLpQ\" type=\"button\">Colombia<\/button><\/li>\n<li class=\"_7V5HC _3Ys_2\" data-country=\"EC\"><button class=\"_2jLpQ\" type=\"button\">Ecuador<\/button><\/li>\n<\/ul>\n<\/nav><nav class=\"_3XD3B\">\n<ul class=\"_3xalu\">\n<li class=\"_7V5HC _3Ys_2\" data-country=\"GT\"><button class=\"_2jLpQ\" type=\"button\">Guatemala<\/button><\/li>\n<li class=\"_7V5HC _3Ys_2\" data-country=\"HN\"><button class=\"_2jLpQ\" type=\"button\">Honduras<\/button><\/li>\n<li class=\"_7V5HC _3Ys_2\" data-country=\"MX\"><button class=\"_2jLpQ\" type=\"button\">M\u00e9xico<\/button><\/li>\n<li class=\"_7V5HC _3Ys_2\" data-country=\"PA\"><button class=\"_2jLpQ\" type=\"button\">Panam\u00e1<\/button><\/li>\n<li class=\"_7V5HC _3Ys_2\" data-country=\"PE\"><button class=\"_2jLpQ\" type=\"button\">Per\u00fa<\/button><\/li>\n<li class=\"_7V5HC _3Ys_2\" data-country=\"VE\"><button class=\"_2jLpQ\" type=\"button\">Venezuela<\/button><\/li>\n<\/ul>\n<\/nav>\n<a id=\"reiniciar-filtros\" href=\"#\">Reiniciar filtros<\/a>\n<a href=\"\/wp-content\/uploads\/BDTdRIII.xlsx\"><img decoding=\"async\" src=\"\/wp-content\/themes\/tierraresistentes\/assets\/images\/8b599ccd.svg\" alt=\"\" width=\"23\">Descargar datos<\/a>\n<\/header>\n\n\n\n<div>\n<div class=\"loader\">&nbsp;<\/div>\n<header class=\"_1Bv-p\">\n<div class=\"_7nfBC\"><label class=\"Rx79V\" for=\"g\">G\u00e9nero<button class=\"_1rL_1 _24Fvo\" type=\"button\">(x)<\/button><\/label>\n<select id=\"g\" class=\"fTrDR\">\n<option selected=\"selected\" value=\"\">Todos<\/option>\n<option value=\"Hombre\">Hombre<\/option>\n<option value=\"Mujer\">Mujer<\/option>\n<option value=\"Sin Informaci\u00f3n\">Sin Informaci\u00f3n<\/option>\n<\/select>\n<\/div>\n<div class=\"_7nfBC\"><label class=\"Rx79V\" for=\"ec\">Comun. \u00e9tnica<button class=\"_1rL_1 _24Fvo\" type=\"button\">(x)<\/button><\/label><select id=\"ec\" class=\"fTrDR\">\n<option selected=\"selected\" value=\"\">Todos<\/option>\n<option value=\"Achuar\">Achuar<\/option>\n<option value=\"Afrodescendiente\">Afrodescendiente<\/option>\n<option value=\"Apiak\u00e1\">Apiak\u00e1<\/option>\n<option value=\"Apinaj\u00e9\">Apinaj\u00e9<\/option>\n<option value=\"Apolima Arara\">Apolima Arara<\/option>\n<option value=\"Apurin\u00e3\">Apurin\u00e3<\/option>\n<option value=\"Arara\">Arara<\/option>\n<option value=\"Ashaninka\">Ashaninka<\/option>\n<option value=\"Av\u00e1-Guarani\">Av\u00e1-Guarani<\/option>\n<option value=\"Aw\u00e1\">Aw\u00e1<\/option>\n<option value=\"Ayllu Escota\">Ayllu Escota<\/option>\n<option value=\"Ayuuk (Mixe)\">Ayuuk (Mixe)<\/option>\n<option value=\"Borari\">Borari<\/option>\n<option value=\"Bororo\">Bororo<\/option>\n<option value=\"Ch'Orti'\">Ch&#8217;Orti&#8217;<\/option>\n<option value=\"Chachi\">Chachi<\/option>\n<option value=\"Chiquitano\">Chiquitano<\/option>\n<option value=\"Cocas\">Cocas<\/option>\n<option value=\"Coconuco\">Coconuco<\/option>\n<option value=\"Embera Cham\u00ed\">Embera Cham\u00ed<\/option>\n<option value=\"Embera D\u00f3bida\">Embera D\u00f3bida<\/option>\n<option value=\"Embera Kat\u00edo\">Embera Kat\u00edo<\/option>\n<option value=\"Gamela\">Gamela<\/option>\n<option value=\"Gavi\u00e3o\">Gavi\u00e3o<\/option>\n<option value=\"Gavi\u00e3o Pukobye\">Gavi\u00e3o Pukobye<\/option>\n<option value=\"Guajajara\">Guajajara<\/option>\n<option value=\"Guarani\">Guarani<\/option>\n<option value=\"Guarani Mbya\">Guarani Mbya<\/option>\n<option value=\"Guarani-Kaiow\u00e1\">Guarani-Kaiow\u00e1<\/option>\n<option value=\"Guarani-\u00d1andeva\">Guarani-\u00d1andeva<\/option>\n<option value=\"Huitoto O Murui\">Huitoto O Murui<\/option>\n<option value=\"Huni Kui\">Huni Kui<\/option>\n<option value=\"Ikoots\">Ikoots<\/option>\n<option value=\"Inga\">Inga<\/option>\n<option value=\"Jaminaw\u00e1\">Jaminaw\u00e1<\/option>\n<option value=\"Juruna\">Juruna<\/option>\n<option value=\"Ka'Apor\">Ka&#8217;Apor<\/option>\n<option value=\"Kaingang\">Kaingang<\/option>\n<option value=\"Kaixana\">Kaixana<\/option>\n<option value=\"Kalank\u00f3\">Kalank\u00f3<\/option>\n<option value=\"Kanela\">Kanela<\/option>\n<option value=\"Kaqchikel\">Kaqchikel<\/option>\n<option value=\"Karapot\u00f3\">Karapot\u00f3<\/option>\n<option value=\"Karipuna\">Karipuna<\/option>\n<option value=\"Karitiana\">Karitiana<\/option>\n<option value=\"Kaxarari\">Kaxarari<\/option>\n<option value=\"Kayab\u00ed\">Kayab\u00ed<\/option>\n<option value=\"Kichwa\">Kichwa<\/option>\n<option value=\"Kichwa Ca\u00f1ari\">Kichwa Ca\u00f1ari<\/option>\n<option value=\"Kichwa Saraguro\">Kichwa Saraguro<\/option>\n<option value=\"Kichwa Sarayaku\">Kichwa Sarayaku<\/option>\n<option value=\"Kich\u00e9\">Kich\u00e9<\/option>\n<option value=\"Krikati\">Krikati<\/option>\n<option value=\"Makurap\">Makurap<\/option>\n<option value=\"Makuxi\">Makuxi<\/option>\n<option value=\"Manta\">Manta<\/option>\n<option value=\"Maragu\u00e1\">Maragu\u00e1<\/option>\n<option value=\"Maya\">Maya<\/option>\n<option value=\"Mixteco\">Mixteco<\/option>\n<option value=\"Moset\u00e9n\">Moset\u00e9n<\/option>\n<option value=\"Moxe\u00f1o-Trinitario\">Moxe\u00f1o-Trinitario<\/option>\n<option value=\"Munduruku\">Munduruku<\/option>\n<option value=\"Mura\">Mura<\/option>\n<option value=\"Nahua\">Nahua<\/option>\n<option value=\"Nasa\">Nasa<\/option>\n<option value=\"No Autodeterminaci\u00f3n\">No Autodeterminaci\u00f3n<\/option>\n<option value=\"Nutabe\">Nutabe<\/option>\n<option value=\"N\u00e1yeri (Cora)\">N\u00e1yeri (Cora)<\/option>\n<option value=\"Oro Waram (Oro Wari)\">Oro Waram (Oro Wari)<\/option>\n<option value=\"Otom\u00ed\">Otom\u00ed<\/option>\n<option value=\"Pankararu\">Pankararu<\/option>\n<option value=\"Pankar\u00e1\">Pankar\u00e1<\/option>\n<option value=\"Parakan\u00e3\">Parakan\u00e3<\/option>\n<option value=\"Pasto\">Pasto<\/option>\n<option value=\"Patax\u00f3\">Patax\u00f3<\/option>\n<option value=\"Paumari\">Paumari<\/option>\n<option value=\"Pitaguary\">Pitaguary<\/option>\n<option value=\"Potiguara\">Potiguara<\/option>\n<option value=\"Pur\u00e9pecha\">Pur\u00e9pecha<\/option>\n<option value=\"Q'Anjob'Al\">Q&#8217;Anjob&#8217;Al<\/option>\n<option value=\"Q'Eqch\u00ed\">Q&#8217;Eqch\u00ed<\/option>\n<option value=\"Qanjobal\">Qanjobal<\/option>\n<option value=\"Quich\u00e9\">Quich\u00e9<\/option>\n<option value=\"Quillacinga\">Quillacinga<\/option>\n<option value=\"Rar\u00e1muri\">Rar\u00e1muri<\/option>\n<option value=\"Sakurabiat\">Sakurabiat<\/option>\n<option value=\"Saraguro\">Saraguro<\/option>\n<option value=\"Shipibo - Conibo\">Shipibo &#8211; Conibo<\/option>\n<option value=\"Shuar\">Shuar<\/option>\n<option value=\"Suru\u00ed\">Suru\u00ed<\/option>\n<option value=\"S\u00e1para\">S\u00e1para<\/option>\n<option value=\"Tabajara\">Tabajara<\/option>\n<option value=\"Tacana\">Tacana<\/option>\n<option value=\"Tenek\/Nahua\">Tenek\/Nahua<\/option>\n<option value=\"Tenharim\">Tenharim<\/option>\n<option value=\"Tepehuano\">Tepehuano<\/option>\n<option value=\"Terena\">Terena<\/option>\n<option value=\"Tikuna\">Tikuna<\/option>\n<option value=\"Tlahuica\">Tlahuica<\/option>\n<option value=\"Trememb\u00e9\">Trememb\u00e9<\/option>\n<option value=\"Triqui\">Triqui<\/option>\n<option value=\"Tupinamb\u00e1\">Tupinamb\u00e1<\/option>\n<option value=\"Tzotzil\">Tzotzil<\/option>\n<option value=\"Uchupiamona\">Uchupiamona<\/option>\n<option value=\"Uru-Eu-Wau-Wau\">Uru-Eu-Wau-Wau<\/option>\n<option value=\"Varias Etnias\">Varias Etnias<\/option>\n<option value=\"Waorani\">Waorani<\/option>\n<option value=\"Warao\">Warao<\/option>\n<option value=\"Way\u00fau\">Way\u00fau<\/option>\n<option value=\"Wiwa\">Wiwa<\/option>\n<option value=\"Wix\u00e1rika\">Wix\u00e1rika<\/option>\n<option value=\"Xakriab\u00e1\">Xakriab\u00e1<\/option>\n<option value=\"Xavante\">Xavante<\/option>\n<option value=\"Xikrin\">Xikrin<\/option>\n<option value=\"Xinka\">Xinka<\/option>\n<option value=\"Xokleng\">Xokleng<\/option>\n<option value=\"Xukuru-Kariri\">Xukuru-Kariri<\/option>\n<option value=\"Yanacona\">Yanacona<\/option>\n<option value=\"Yanomami\">Yanomami<\/option>\n<option value=\"Yaqui\">Yaqui<\/option>\n<option value=\"Zapoteco\">Zapoteco<\/option>\n<option value=\"Zen\u00fa\">Zen\u00fa<\/option>\n<option value=\"\u00c9pera\">\u00c9pera<\/option>\n<option value=\"\u00d3dami\">\u00d3dami<\/option>\n<\/select><\/div>\n<div class=\"_7nfBC\"><label class=\"Rx79V\" for=\"dr\">Rec. defendido<button class=\"_1rL_1 _24Fvo\" type=\"button\">(x)<\/button><\/label><select id=\"dr\" class=\"fTrDR\">\n<option selected=\"selected\" value=\"\">Todos<\/option>\n<option value=\"Agua\">Agua<\/option>\n<option value=\"Aire\">Aire<\/option>\n<option value=\"Bosque\">Bosque<\/option>\n<option value=\"Especies\">Especies<\/option>\n<option value=\"Tierra\">Tierra<\/option>\n<\/select><\/div>\n<div class=\"_7nfBC\"><label class=\"Rx79V\" for=\"vt\">Tipo violencia<button class=\"_1rL_1 _24Fvo\" type=\"button\">(x)<\/button><\/label><select id=\"vt\" class=\"fTrDR\">\n<option selected=\"selected\" value=\"\">Todos<\/option>\n<option value=\"Acoso Judicial\">Acoso Judicial<\/option>\n<option value=\"Amenaza\">Amenaza<\/option>\n<option value=\"Asesinato\">Asesinato<\/option>\n<option value=\"Ataque Directo\">Ataque Directo<\/option>\n<option value=\"Criminalizaci\u00f3n \/ Estigmatizaci\u00f3n\">Criminalizaci\u00f3n \/ Estigmatizaci\u00f3n<\/option>\n<option value=\"Desaparecido\">Desaparecido<\/option>\n<option value=\"Desplazamiento\">Desplazamiento<\/option>\n<option value=\"Otro\">Otro<\/option>\n<option value=\"Violencia Sexual\">Violencia Sexual<\/option>\n<\/select><\/div>\n<div class=\"_7nfBC\"><label class=\"Rx79V\" for=\"s\">Estado caso<button class=\"_1rL_1 _24Fvo\" type=\"button\">(x)<\/button><\/label><select id=\"s\" class=\"fTrDR\">\n<option selected=\"selected\" value=\"\">Todos<\/option>\n<option value=\"Indulto\">Indulto<\/option>\n<option value=\"Investigaci\u00f3n\">Investigaci\u00f3n<\/option>\n<option value=\"Sentencia\">Sentencia<\/option>\n<option value=\"Sin Informaci\u00f3n\">Sin Informaci\u00f3n<\/option>\n<option value=\"Sin Investigaci\u00f3n\">Sin Investigaci\u00f3n<\/option>\n<\/select><\/div>\n<div class=\"_7nfBC\"><label class=\"Rx79V\" for=\"c\">\u00bfHubo denunc.?<button class=\"_1rL_1 _24Fvo\" type=\"button\">(x)<\/button><\/label><select id=\"c\" class=\"fTrDR\">\n<option selected=\"selected\" value=\"\">Todos<\/option>\n<option value=\"No\">No<\/option>\n<option value=\"Sin Informaci\u00f3n\">Sin Informaci\u00f3n<\/option>\n<option value=\"S\u00ed\">S\u00ed<\/option>\n<\/select><\/div>\n<div class=\"_7nfBC\"><label class=\"Rx79V\" for=\"c\">B\u00fasq. texto<button class=\"_1rL_1 _24Fvo\" type=\"button\">(x)<\/button><\/label><input id=\"txt\" class=\"fTrDR\" type=\"text\"><\/div>\n<\/header>\n<ul class=\"_1BZe5\">\n<li class=\"_1b-0J\"><header class=\"_1jBd6\">2009<\/header>\n<ul id=\"y_2009\" class=\"CH4B-\"><\/ul>\n<\/li>\n<li class=\"_1b-0J\"><header class=\"_1jBd6\">2010<\/header>\n<ul id=\"y_2010\" class=\"CH4B-\"><\/ul>\n<\/li>\n<li class=\"_1b-0J\"><header class=\"_1jBd6\">2011<\/header>\n<ul id=\"y_2011\" class=\"CH4B-\"><\/ul>\n<\/li>\n<li class=\"_1b-0J\"><header class=\"_1jBd6\">2012<\/header>\n<ul id=\"y_2012\" class=\"CH4B-\"><\/ul>\n<\/li>\n<li class=\"_1b-0J\"><header class=\"_1jBd6\">2013<\/header>\n<ul id=\"y_2013\" class=\"CH4B-\"><\/ul>\n<\/li>\n<li class=\"_1b-0J\"><header class=\"_1jBd6\">2014<\/header>\n<ul id=\"y_2014\" class=\"CH4B-\"><\/ul>\n<\/li>\n<li class=\"_1b-0J\"><header class=\"_1jBd6\">2015<\/header>\n<ul id=\"y_2015\" class=\"CH4B-\"><\/ul>\n<\/li>\n<li class=\"_1b-0J\"><header class=\"_1jBd6\">2016<\/header>\n<ul id=\"y_2016\" class=\"CH4B-\"><\/ul>\n<\/li>\n<li class=\"_1b-0J\"><header class=\"_1jBd6\">2017<\/header>\n<ul id=\"y_2017\" class=\"CH4B-\"><\/ul>\n<\/li>\n<li class=\"_1b-0J\"><header class=\"_1jBd6\">2018<\/header>\n<ul id=\"y_2018\" class=\"CH4B-\"><\/ul>\n<\/li>\n<li class=\"_1b-0J\"><header class=\"_1jBd6\">2019<\/header>\n<ul id=\"y_2019\" class=\"CH4B-\"><\/ul>\n<\/li>\n<li class=\"_1b-0J last-year\"><header class=\"_1jBd6\">2020<\/header>\n<ul id=\"y_2020\" class=\"CH4B-\"><\/ul>\n<\/li>\n<\/ul>\n<\/div>\n\n\n\n<footer id=\"footer\"><\/footer>\n\n\n\n<script>\nvar jsonQueryData = {};\nupdateDataArray();\n\njQuery(\"#g\").on('change', function() {\n    if(this.value == '') {\n      delete jsonQueryData.genero;\n    } else {\n      jsonQueryData.genero = this.value;\n    }\n    updateDataArray();\n});\n\njQuery(\"#ec\").on('change', function() {\n    if(this.value == '') {\n      delete jsonQueryData.comunidad_etnica;\n    } else {\n      jsonQueryData.comunidad_etnica = this.value;\n    }\n    updateDataArray();\n});\n\njQuery(\"#dr\").on('change', function() {\n    if(this.value == '') {\n      delete jsonQueryData.recurso_defendido;\n    } else {\n      jsonQueryData.recurso_defendido = this.value;\n    }\n    \n    updateDataArray();\n});\n\njQuery(\"#vt\").on('change', function() {   \n    if(this.value == '') {\n      delete jsonQueryData.tipo_violencia;\n    } else {\n      jsonQueryData.tipo_violencia = this.value;\n    }\n    \n    updateDataArray();\n});\n\njQuery(\"#s\").on('change', function() {\n    if(this.value == '') {\n      delete jsonQueryData.case_status;\n    } else {\n      jsonQueryData.case_status = this.value;\n    }\n    updateDataArray();\n});\n\njQuery(\"#c\").on('change', function() {\n    if(this.value == '') {\n      delete jsonQueryData.denuncias_alertas_estado;\n    } else {\n      jsonQueryData.denuncias_alertas_estado = this.value;\n    }\n    updateDataArray();\n});\n\njQuery(\"#txt\").on('change', function() {\n    if(this.value == '') {\n      delete jsonQueryData.texto;\n    } else {\n      jsonQueryData.texto = this.value;\n    }\n    updateDataArray();\n});\n\njQuery(\"li._7V5HC\").on('click', function() {\n    jsonQueryData.country = jQuery(this).attr(\"data-country\");\n    updateDataArray();\n});\n\njQuery(\"#reiniciar-filtros\").on('click', function() {\n    delete jsonQueryData.country;\n    delete jsonQueryData.case_status;\n    delete jsonQueryData.denuncias_alertas_estado;\n    delete jsonQueryData.tipo_violencia;\n    delete jsonQueryData.recurso_defendido;\n    delete jsonQueryData.comunidad_etnica;\n    delete jsonQueryData.genero;\n    delete jsonQueryData.texto;\n    updateDataArray();\n});\n\n\njQuery('body').on('click', '._3y9WO', function() {\n   jQuery.ajax({\n        url: \"\/wp-json\/tierra\/v1\/info_persona\/\" + this.id,\n        cache: false\n    })\n    .done(function( result ) {\n      jQuery('#footer').after(result);\n\n    });\n});\n\njQuery('body').on('click', '.sn3eJ button.Yy15N' , function(e){\n    jQuery('.sn3eJ').remove();\n});\n\njQuery('body').on('click', '.sn3eJ button.dpce3' , function(e){\n    var show = jQuery(this).attr('data-show');\n    jQuery('._3m0zD p').hide();\n    jQuery('.' + show).show();\n});\n\nfunction updateDataArray(){\n    jQuery('.loader').show();\n    jQuery('._1BZe5').css('opacity', '0.1');\n    jQuery.ajax({\n        type: 'post',\n        data: jsonQueryData,\n        url: \"\/wp-json\/tierra\/v1\/personas_bd\",\n        cache: false\n    })\n    .done(function( result ) {\n        jQuery('.loader').hide();\n        jQuery('._1BZe5').css('opacity', '1');\n        jQuery.each(JSON.parse(result), function(i, obj) {\n            jQuery('#y_' + i).html('');\n            jQuery.each(obj, function(j, pers) {\n                \n                jQuery('#y_' + i).append('<li data-country=\"' + pers.country + \n                    '\" class=\"_3y9WO\" id=\"' + pers._id + '\"><button type=\"button\" class=\"_2PzVl\" style=\"transition-delay:0.27335691875188606s\"><span class=\"_3fWzX\">' + \n                    pers.nombre_u_organizacion + '<\/span><\/button><\/li>');\n            });\n                       \n        });\n    \n  });\n}\n\n<\/script>\n<style>\n.loader {\n  border: 16px solid #f3f3f3;\n  border-radius: 50%;\n  border-top: 16px solid #3498db;\n  width: 120px;\n  height: 120px;\n  -webkit-animation: spin 2s linear infinite; \/* Safari *\/\n  animation: spin 2s linear infinite;\n  position: absolute;\n  left: 50%;\n}\n\n\/* Safari *\/\n@-webkit-keyframes spin {\n  0% { -webkit-transform: rotate(0deg); }\n  100% { -webkit-transform: rotate(360deg); }\n}\n\n@keyframes spin {\n  0% { transform: rotate(0deg); }\n  100% { transform: rotate(360deg); }\n}\n<\/style>\n\n\n<p><\/div><\/div><\/div><\/div><\/div><\/div>","protected":false},"excerpt":{"rendered":"","protected":false},"author":1,"featured_media":0,"parent":0,"menu_order":0,"comment_status":"closed","ping_status":"closed","template":"","meta":{"_acf_changed":false,"_uf_show_specific_survey":0,"_uf_disable_surveys":false,"footnotes":""},"categories":[],"tags":[],"coauthors":[51],"class_list":["post-6424","page","type-page","status-publish"],"acf":[],"yoast_head":"<!-- This site is optimized with the Yoast SEO plugin v26.4 - https:\/\/yoast.com\/wordpress\/plugins\/seo\/ -->\n<title>Datos - mobile<\/title>\n<meta name=\"robots\" content=\"index, follow, max-snippet:-1, max-image-preview:large, max-video-preview:-1\" \/>\n<link rel=\"canonical\" href=\"https:\/\/tierraderesistentes.com\/es\/datos-mobile\/\" \/>\n<meta name=\"twitter:label1\" content=\"Est. reading time\" \/>\n\t<meta name=\"twitter:data1\" content=\"3 minutos\" \/>\n\t<meta name=\"twitter:label2\" content=\"Written by\" \/>\n\t<meta name=\"twitter:data2\" content=\"admin\" \/>\n<!-- \/ Yoast SEO plugin. -->","yoast_head_json":{"title":"Datos - mobile","robots":{"index":"index","follow":"follow","max-snippet":"max-snippet:-1","max-image-preview":"max-image-preview:large","max-video-preview":"max-video-preview:-1"},"canonical":"https:\/\/tierraderesistentes.com\/es\/datos-mobile\/","twitter_misc":{"Est. reading time":"3 minutos","Written by":"admin"},"schema":{"@context":"https:\/\/schema.org","@graph":[{"@type":"WebPage","@id":"https:\/\/tierraderesistentes.com\/es\/datos-mobile\/","url":"https:\/\/tierraderesistentes.com\/es\/datos-mobile\/","name":"Datos - mobile","isPartOf":{"@id":"https:\/\/tierraderesistentes.com\/es\/#website"},"datePublished":"2021-05-10T14:59:20+00:00","dateModified":"2022-09-14T16:54:46+00:00","breadcrumb":{"@id":"https:\/\/tierraderesistentes.com\/es\/datos-mobile\/#breadcrumb"},"inLanguage":"es","potentialAction":[{"@type":"ReadAction","target":["https:\/\/tierraderesistentes.com\/es\/datos-mobile\/"]}]},{"@type":"BreadcrumbList","@id":"https:\/\/tierraderesistentes.com\/es\/datos-mobile\/#breadcrumb","itemListElement":[{"@type":"ListItem","position":1,"name":"Home","item":"https:\/\/tierraderesistentes.com\/es\/"},{"@type":"ListItem","position":2,"name":"Datos &#8211; mobile"}]},{"@type":"WebSite","@id":"https:\/\/tierraderesistentes.com\/es\/#website","url":"https:\/\/tierraderesistentes.com\/es\/","name":"Tierra de Resistentes | Consejo de Redacci\u00f3n","description":"Base de datos de defensores ambientales amenazados y asesinados en Latinoam\u00e9rica. Historias, fotograf\u00edas, videos y gr\u00e1ficos para entender la situaci\u00f3n de los resistentes.","publisher":{"@id":"https:\/\/tierraderesistentes.com\/es\/#organization"},"potentialAction":[{"@type":"SearchAction","target":{"@type":"EntryPoint","urlTemplate":"https:\/\/tierraderesistentes.com\/es\/?s={search_term_string}"},"query-input":{"@type":"PropertyValueSpecification","valueRequired":true,"valueName":"search_term_string"}}],"inLanguage":"es"},{"@type":"Organization","@id":"https:\/\/tierraderesistentes.com\/es\/#organization","name":"Tierra de resistentes","url":"https:\/\/tierraderesistentes.com\/es\/","logo":{"@type":"ImageObject","inLanguage":"es","@id":"https:\/\/tierraderesistentes.com\/es\/#\/schema\/logo\/image\/","url":"https:\/\/tierraderesistentes.com\/wp-content\/uploads\/2021\/01\/LogoEspanolAjustado-1.png","contentUrl":"https:\/\/tierraderesistentes.com\/wp-content\/uploads\/2021\/01\/LogoEspanolAjustado-1.png","width":1568,"height":944,"caption":"Tierra de resistentes"},"image":{"@id":"https:\/\/tierraderesistentes.com\/es\/#\/schema\/logo\/image\/"}}]}},"_links":{"self":[{"href":"https:\/\/tierraderesistentes.com\/es\/wp-json\/wp\/v2\/pages\/6424","targetHints":{"allow":["GET"]}}],"collection":[{"href":"https:\/\/tierraderesistentes.com\/es\/wp-json\/wp\/v2\/pages"}],"about":[{"href":"https:\/\/tierraderesistentes.com\/es\/wp-json\/wp\/v2\/types\/page"}],"author":[{"embeddable":true,"href":"https:\/\/tierraderesistentes.com\/es\/wp-json\/wp\/v2\/users\/1"}],"replies":[{"embeddable":true,"href":"https:\/\/tierraderesistentes.com\/es\/wp-json\/wp\/v2\/comments?post=6424"}],"version-history":[{"count":0,"href":"https:\/\/tierraderesistentes.com\/es\/wp-json\/wp\/v2\/pages\/6424\/revisions"}],"wp:attachment":[{"href":"https:\/\/tierraderesistentes.com\/es\/wp-json\/wp\/v2\/media?parent=6424"}],"wp:term":[{"taxonomy":"category","embeddable":true,"href":"https:\/\/tierraderesistentes.com\/es\/wp-json\/wp\/v2\/categories?post=6424"},{"taxonomy":"post_tag","embeddable":true,"href":"https:\/\/tierraderesistentes.com\/es\/wp-json\/wp\/v2\/tags?post=6424"},{"taxonomy":"author","embeddable":true,"href":"https:\/\/tierraderesistentes.com\/es\/wp-json\/wp\/v2\/coauthors?post=6424"}],"curies":[{"name":"wp","href":"https:\/\/api.w.org\/{rel}","templated":true}]}}