{"id":99,"date":"2020-03-02T23:37:08","date_gmt":"2020-03-02T23:37:08","guid":{"rendered":"http:\/\/tierra.local\/es\/?page_id=99"},"modified":"2024-11-06T21:00:28","modified_gmt":"2024-11-06T21:00:28","slug":"datos","status":"publish","type":"page","link":"https:\/\/tierraderesistentes.com\/en\/datos\/","title":{"rendered":"Datos"},"content":{"rendered":"\n<header class=\"_2W7Ll\">\n    <nav class=\"_3XD3B\">\n        <ul class=\"_3xalu\">\n            <li class=\"_7V5HC _3Ys_2\" data-country=\"AR\">\n                <button class=\"_2jLpQ\" type=\"button\">Argentina<\/button>\n            <\/li>\n            <li class=\"_7V5HC _3Ys_2\" data-country=\"BO\">\n                <button class=\"_2jLpQ\" type=\"button\">Bolivia<\/button>\n            <\/li>\n            <li class=\"_7V5HC _3Ys_2\" data-country=\"BR\">\n                <button class=\"_2jLpQ\" type=\"button\">Brazil<\/button>\n            <\/li>\n            <li class=\"_7V5HC _3Ys_2\" data-country=\"CL\">\n                <button class=\"_2jLpQ\" type=\"button\">Chile<\/button>\n            <\/li>\n            <li class=\"_7V5HC _3Ys_2\" data-country=\"CO\">\n                <button class=\"_2jLpQ\" type=\"button\">Colombia<\/button>\n            <\/li>\n            <li class=\"_7V5HC _3Ys_2\" data-country=\"EC\">\n                <button class=\"_2jLpQ\" type=\"button\">Ecuador<\/button>\n            <\/li>\n       <\/ul>\n       <a id=\"reiniciar-filtros\" href=\"#\">\n          Reset filters<\/a>\n    <\/nav>\n    <nav class=\"_3XD3B\">\n        <ul class=\"_3xalu\">\n            <li class=\"_7V5HC _3Ys_2\" data-country=\"GT\">\n                <button class=\"_2jLpQ\" type=\"button\">Guatemala<\/button>\n            <\/li>\n            <li class=\"_7V5HC _3Ys_2\" data-country=\"HN\">\n                <button class=\"_2jLpQ\" type=\"button\">Honduras<\/button>\n            <\/li>\n            <li class=\"_7V5HC _3Ys_2\" data-country=\"MX\">\n                <button class=\"_2jLpQ\" type=\"button\">Mexico<\/button>\n            <\/li>\n            <li class=\"_7V5HC _3Ys_2\" data-country=\"PA\">\n                <button class=\"_2jLpQ\" type=\"button\">Panam\u00e1<\/button>\n            <\/li>\n            <li class=\"_7V5HC _3Ys_2\" data-country=\"PE\">\n                <button class=\"_2jLpQ\" type=\"button\">Peru<\/button>\n            <\/li>\n            <li class=\"_7V5HC _3Ys_2\" data-country=\"VE\">\n                <button class=\"_2jLpQ\" type=\"button\">Venezuela<\/button>\n            <\/li>\n        <\/ul>\n        <a href=\"\/wp-content\/themes\/tierraresistentes\/assets\/BD.xlsx\">\n          <img decoding=\"async\" width=\"23\" src=\"\/wp-content\/themes\/tierraresistentes\/assets\/images\/8b599ccd.svg\" alt=\"\">Download file<\/a>\n    <\/nav>\n    <div>\n        <h2 class=\"_3zhjR\"><span class=\"zFuoL\">The defenders<\/span> in data<\/h2>\n        <div class=\"_3qVoE\">\n            <div>\n                <p>Navigate the display by clicking on the country and\/or filters. Click on the sheets representing the leaders or organizations to read case information in detail.<\/p>\n            <\/div>\n        <\/div>\n    <\/div>\n<\/header>\n<div>\n    <div class=\"loader\"><\/div>\n    <header class=\"_1Bv-p\">\n\n        <div class=\"_7nfBC\">\n            <label class=\"Rx79V\" for=\"g\">GENDER\n                <button type=\"button\" class=\"_1rL_1 _24Fvo\">(x)<\/button>\n            <\/label>\n\n            <select id=\"g\" class=\"fTrDR\">\n                <option selected=\"\" value=\"\">All<\/option>\n\n                <option value=\"Man\">Man<\/option>\n                <option value=\"Woman\">Woman<\/option>\n                <option value=\"\">No data<\/option>\n            <\/select>\n\n        <\/div>\n        <div class=\"_7nfBC\">\n            <label class=\"Rx79V\" for=\"ec\">Ethnic minor.\n                <button type=\"button\" class=\"_1rL_1 _24Fvo\">(x)<\/button>\n            <\/label>\n            <select id=\"ec\" class=\"fTrDR\">\n                <option selected=\"\" value=\"\">All<\/option>\n                <option value=\"Achuar\">Achuar<\/option>\n                <option value=\"Afrodescendiente\">Afrodescendiente<\/option>\n                <option value=\"Apiak\u00e1\">Apiak\u00e1<\/option>\n                <option value=\"Apinaj\u00e9\">Apinaj\u00e9<\/option>\n                <option value=\"Apolima Arara\">Apolima Arara<\/option>\n                <option value=\"Apurin\u00e3\">Apurin\u00e3<\/option>\n                <option value=\"Arara\">Arara<\/option>\n                <option value=\"Ashaninka\">Ashaninka<\/option>\n                <option value=\"Av\u00e1-Guarani\">Av\u00e1-Guarani<\/option>\n                <option value=\"Aw\u00e1\">Aw\u00e1<\/option>\n                <option value=\"Ayllu Escota\">Ayllu Escota<\/option>\n                <option value=\"Ayuuk (Mixe)\">Ayuuk (Mixe)<\/option>\n                <option value=\"Borari\">Borari<\/option>\n                <option value=\"Bororo\">Bororo<\/option>\n                <option value=\"Ch'Orti'\">Ch&#8217;Orti&#8217;<\/option>\n                <option value=\"Chachi\">Chachi<\/option>\n                <option value=\"Chiquitano\">Chiquitano<\/option>\n                <option value=\"Cocas\">Cocas<\/option>\n                <option value=\"Coconuco\">Coconuco<\/option>\n                <option value=\"Embera Cham\u00ed\">Embera Cham\u00ed<\/option>\n                <option value=\"Embera D\u00f3bida\">Embera D\u00f3bida<\/option>\n                <option value=\"Embera Kat\u00edo\">Embera Kat\u00edo<\/option>\n                <option value=\"Gamela\">Gamela<\/option>\n                <option value=\"Gavi\u00e3o\">Gavi\u00e3o<\/option>\n                <option value=\"Gavi\u00e3o Pukobye\">Gavi\u00e3o Pukobye<\/option>\n                <option value=\"Guajajara\">Guajajara<\/option>\n                <option value=\"Guarani\">Guarani<\/option>\n                <option value=\"Guarani Mbya\">Guarani Mbya<\/option>\n                <option value=\"Guarani-Kaiow\u00e1\">Guarani-Kaiow\u00e1<\/option>\n                <option value=\"Guarani-\u00d1andeva\">Guarani-\u00d1andeva<\/option>\n                <option value=\"Huitoto O Murui\">Huitoto O Murui<\/option>\n                <option value=\"Huni Kui\">Huni Kui<\/option>\n                <option value=\"Ikoots\">Ikoots<\/option>\n                <option value=\"Inga\">Inga<\/option>\n                <option value=\"Jaminaw\u00e1\">Jaminaw\u00e1<\/option>\n                <option value=\"Juruna\">Juruna<\/option>\n                <option value=\"Ka'Apor\">Ka&#8217;Apor<\/option>\n                <option value=\"Kaingang\">Kaingang<\/option>\n                <option value=\"Kaixana\">Kaixana<\/option>\n                <option value=\"Kalank\u00f3\">Kalank\u00f3<\/option>\n                <option value=\"Kanela\">Kanela<\/option>\n                <option value=\"Kaqchikel\">Kaqchikel<\/option>\n                <option value=\"Karapot\u00f3\">Karapot\u00f3<\/option>\n                <option value=\"Karipuna\">Karipuna<\/option>\n                <option value=\"Karitiana\">Karitiana<\/option>\n                <option value=\"Kaxarari\">Kaxarari<\/option>\n                <option value=\"Kayab\u00ed\">Kayab\u00ed<\/option>\n                <option value=\"Kichwa\">Kichwa<\/option>\n                <option value=\"Kichwa Ca\u00f1ari\">Kichwa Ca\u00f1ari<\/option>\n                <option value=\"Kichwa Saraguro\">Kichwa Saraguro<\/option>\n                <option value=\"Kichwa Sarayaku\">Kichwa Sarayaku<\/option>\n                <option value=\"Kich\u00e9\">Kich\u00e9<\/option>\n                <option value=\"Krikati\">Krikati<\/option>\n                <option value=\"Makurap\">Makurap<\/option>\n                <option value=\"Makuxi\">Makuxi<\/option>\n                <option value=\"Manta\">Manta<\/option>\n                <option value=\"Maragu\u00e1\">Maragu\u00e1<\/option>\n                <option value=\"Maya\">Maya<\/option>\n                <option value=\"Mixteco\">Mixteco<\/option>\n                <option value=\"Moset\u00e9n\">Moset\u00e9n<\/option>\n                <option value=\"Moxe\u00f1o-Trinitario\">Moxe\u00f1o-Trinitario<\/option>\n                <option value=\"Munduruku\">Munduruku<\/option>\n                <option value=\"Mura\">Mura<\/option>\n                <option value=\"Nahua\">Nahua<\/option>\n                <option value=\"Nasa\">Nasa<\/option>\n                <option value=\"No Autodeterminaci\u00f3n\">No Autodeterminaci\u00f3n<\/option>\n                <option value=\"Nutabe\">Nutabe<\/option>\n                <option value=\"N\u00e1yeri (Cora)\">N\u00e1yeri (Cora)<\/option>\n                <option value=\"Oro Waram (Oro Wari)\">Oro Waram (Oro Wari)<\/option>\n                <option value=\"Otom\u00ed\">Otom\u00ed<\/option>\n                <option value=\"Pankararu\">Pankararu<\/option>\n                <option value=\"Pankar\u00e1\">Pankar\u00e1<\/option>\n                <option value=\"Parakan\u00e3\">Parakan\u00e3<\/option>\n                <option value=\"Pasto\">Pasto<\/option>\n                <option value=\"Patax\u00f3\">Patax\u00f3<\/option>\n                <option value=\"Paumari\">Paumari<\/option>\n                <option value=\"Pitaguary\">Pitaguary<\/option>\n                <option value=\"Potiguara\">Potiguara<\/option>\n                <option value=\"Pur\u00e9pecha\">Pur\u00e9pecha<\/option>\n                <option value=\"Q'Anjob'Al\">Q&#8217;Anjob&#8217;Al<\/option>\n                <option value=\"Q'Eqch\u00ed\">Q&#8217;Eqch\u00ed<\/option>\n                <option value=\"Qanjobal\">Qanjobal<\/option>\n                <option value=\"Quich\u00e9\">Quich\u00e9<\/option>\n                <option value=\"Quillacinga\">Quillacinga<\/option>\n                <option value=\"Rar\u00e1muri\">Rar\u00e1muri<\/option>\n                <option value=\"Sakurabiat\">Sakurabiat<\/option>\n                <option value=\"Saraguro\">Saraguro<\/option>\n                <option value=\"Shipibo - Conibo\">Shipibo &#8211; Conibo<\/option>\n                <option value=\"Shuar\">Shuar<\/option>\n                <option value=\"Suru\u00ed\">Suru\u00ed<\/option>\n                <option value=\"S\u00e1para\">S\u00e1para<\/option>\n                <option value=\"Tabajara\">Tabajara<\/option>\n                <option value=\"Tacana\">Tacana<\/option>\n                <option value=\"Tenek\/Nahua\">Tenek\/Nahua<\/option>\n                <option value=\"Tenharim\">Tenharim<\/option>\n                <option value=\"Tepehuano\">Tepehuano<\/option>\n                <option value=\"Terena\">Terena<\/option>\n                <option value=\"Tikuna\">Tikuna<\/option>\n                <option value=\"Tlahuica\">Tlahuica<\/option>\n                <option value=\"Trememb\u00e9\">Trememb\u00e9<\/option>\n                <option value=\"Triqui\">Triqui<\/option>\n                <option value=\"Tupinamb\u00e1\">Tupinamb\u00e1<\/option>\n                <option value=\"Tzotzil\">Tzotzil<\/option>\n                <option value=\"Uchupiamona\">Uchupiamona<\/option>\n                <option value=\"Uru-Eu-Wau-Wau\">Uru-Eu-Wau-Wau<\/option>\n                <option value=\"Varias Etnias\">Varias Etnias<\/option>\n                <option value=\"Waorani\">Waorani<\/option>\n                <option value=\"Warao\">Warao<\/option>\n                <option value=\"Way\u00fau\">Way\u00fau<\/option>\n                <option value=\"Wiwa\">Wiwa<\/option>\n                <option value=\"Wix\u00e1rika\">Wix\u00e1rika<\/option>\n                <option value=\"Xakriab\u00e1\">Xakriab\u00e1<\/option>\n                <option value=\"Xavante\">Xavante<\/option>\n                <option value=\"Xikrin\">Xikrin<\/option>\n                <option value=\"Xinka\">Xinka<\/option>\n                <option value=\"Xokleng\">Xokleng<\/option>\n                <option value=\"Xukuru-Kariri\">Xukuru-Kariri<\/option>\n                <option value=\"Yanacona\">Yanacona<\/option>\n                <option value=\"Yanomami\">Yanomami<\/option>\n                <option value=\"Yaqui\">Yaqui<\/option>\n                <option value=\"Zapoteco\">Zapoteco<\/option>\n                <option value=\"Zen\u00fa\">Zen\u00fa<\/option>\n                <option value=\"\u00c9pera\">\u00c9pera<\/option>\n                <option value=\"\u00d3dami\">\u00d3dami<\/option>\n            <\/select>\n\n        <\/div>\n        <div class=\"_7nfBC\">\n            <label class=\"Rx79V\" for=\"dr\">Res. defended\n                <button type=\"button\" class=\"_1rL_1 _24Fvo\">(x)<\/button>\n            <\/label>\n            <select id=\"dr\" class=\"fTrDR\">\n                <option selected=\"\" value=\"\">All<\/option>\n                <option value=\"land\">land<\/option>\n                <option value=\"Air\">Air<\/option>\n                <option value=\"Water\">Water<\/option>\n                <option value=\"Forest\">Forest<\/option>\n                <option value=\"Species\">Species<\/option>\n            <\/select>\n        <\/div>\n        <div class=\"_7nfBC\">\n            <label class=\"Rx79V\" for=\"vt\">Type of attack\n                <button type=\"button\" class=\"_1rL_1 _24Fvo\">(x)<\/button>\n            <\/label>\n            <select id=\"vt\" class=\"fTrDR\">\n                <option selected=\"\" value=\"\">All<\/option>\n                <option value=\"Threat \">Threat <\/option>\n                <option value=\"Murder\">Murder<\/option>\n                <option value=\"Legal Harassment\">Legal Harassment<\/option>\n                <option value=\"Physical Attack\">Physical Attack<\/option>\n                <option value=\"Forced displacement\">Forced displacement<\/option>\n                <option value=\"Disappearance\">Disappearance<\/option>\n                <option value=\"Other\">Other<\/option>\n                <option value=\"Criminalization \/ Stigmatization\">Criminalization \/ Stigmatization<\/option>\n                <option value=\"Sexual Violence\">Sexual Violence<\/option>\n                <\/select>\n\n        <\/div>\n        <div class=\"_7nfBC\">\n            <label class=\"Rx79V\" for=\"s\">Case status\n                <button type=\"button\" class=\"_1rL_1 _24Fvo\">(x)<\/button>\n            <\/label>\n            <select id=\"s\" class=\"fTrDR\">\n                <option selected=\"\" value=\"\">All<\/option>\n                <option value=\"In Investigation\">In Investigation<\/option>\n                <option value=\"No information\">No information<\/option>\n                <option value=\"Pardoned\">Pardoned<\/option>\n                <option value=\"No investigation\">No investigation<\/option>\n                <option value=\"Conviction\">Conviction<\/option>\n            <\/select>\n\n        <\/div>\n        <div class=\"_7nfBC\">\n            <label class=\"Rx79V\" for=\"c\">Previous alerts\n                <button type=\"button\" class=\"_1rL_1 _24Fvo\">(x)<\/button>\n            <\/label>\n            <select id=\"c\" class=\"fTrDR\">\n                <option selected=\"\" value=\"\">All<\/option>\n                <option value=\"Yes\">Yes<\/option>\n                <option value=\"No\">No<\/option>\n                <option value=\"No information\">No information<\/option>\n\n            <\/select>\n\n        <\/div>\n        <div class=\"_7nfBC\">\n            <label class=\"Rx79V\" for=\"c\">Search\n                <button type=\"button\" class=\"_1rL_1 _24Fvo\">(x)<\/button>\n            <\/label>\n            <input type=\"text\" id=\"txt\" class=\"fTrDR\">\n        <\/div>\n    <\/header>\n    <ul class=\"_1BZe5\">\n\n        <li class=\"_1b-0J\"><header class=\"_1jBd6\">2009<\/header>\n            <ul id=\"y_2009\" class=\"CH4B-\"><\/ul>\n        <\/li>\n        <li class=\"_1b-0J\"><header class=\"_1jBd6\">2010<\/header>\n            <ul id=\"y_2010\" class=\"CH4B-\"><\/ul>\n        <\/li>\n        <li class=\"_1b-0J\"><header class=\"_1jBd6\">2011<\/header>\n            <ul id=\"y_2011\" class=\"CH4B-\"><\/ul>\n        <\/li>\n        <li class=\"_1b-0J\"><header class=\"_1jBd6\">2012<\/header>\n            <ul id=\"y_2012\" class=\"CH4B-\"><\/ul>\n        <\/li>\n        <li class=\"_1b-0J\"><header class=\"_1jBd6\">2013<\/header>\n            <ul id=\"y_2013\" class=\"CH4B-\"><\/ul>\n        <\/li>\n        <li class=\"_1b-0J\"><header class=\"_1jBd6\">2014<\/header>\n            <ul id=\"y_2014\" class=\"CH4B-\"><\/ul>\n        <\/li>\n        <li class=\"_1b-0J\"><header class=\"_1jBd6\">2015<\/header>\n            <ul id=\"y_2015\" class=\"CH4B-\"><\/ul>\n        <\/li>\n        <li class=\"_1b-0J\"><header class=\"_1jBd6\">2016<\/header>\n            <ul id=\"y_2016\" class=\"CH4B-\"><\/ul>\n        <\/li>\n        <li class=\"_1b-0J\"><header class=\"_1jBd6\">2017<\/header>\n            <ul id=\"y_2017\" class=\"CH4B-\"><\/ul>\n        <\/li>\n        <li class=\"_1b-0J\"><header class=\"_1jBd6\">2018<\/header>\n            <ul id=\"y_2018\" class=\"CH4B-\"><\/ul>\n        <\/li>\n        <li class=\"_1b-0J\"><header class=\"_1jBd6\">2019<\/header>\n            <ul id=\"y_2019\" class=\"CH4B-\"><\/ul>\n        <\/li>\n        <li class=\"_1b-0J last-year\"><header class=\"_1jBd6\">2020<\/header>\n            <ul id=\"y_2020\" class=\"CH4B-\"><\/ul>\n        <\/li>\n    <\/ul>\n<\/div>\n<footer id=\"footer\"><\/footer>\n\n\n\n\n<script>\nvar jsonQueryData = {};\nupdateDataArray();\n\njQuery(\"#g\").on('change', function() {\n    if(this.value == '') {\n      delete jsonQueryData.genero;\n    } else {\n      jsonQueryData.genero = this.value;\n    }\n    updateDataArray();\n});\n\njQuery(\"#ec\").on('change', function() {\n    if(this.value == '') {\n      delete jsonQueryData.comunidad_etnica;\n    } else {\n      jsonQueryData.comunidad_etnica = this.value;\n    }\n    updateDataArray();\n});\n\njQuery(\"#dr\").on('change', function() {\n    if(this.value == '') {\n      delete jsonQueryData.recurso_defendido;\n    } else {\n      jsonQueryData.recurso_defendido = this.value;\n    }\n    \n    updateDataArray();\n});\n\njQuery(\"#vt\").on('change', function() {   \n    if(this.value == '') {\n      delete jsonQueryData.tipo_violencia;\n    } else {\n      jsonQueryData.tipo_violencia = this.value;\n    }\n    \n    updateDataArray();\n});\n\njQuery(\"#s\").on('change', function() {\n    if(this.value == '') {\n      delete jsonQueryData.case_status;\n    } else {\n      jsonQueryData.case_status = this.value;\n    }\n    updateDataArray();\n});\n\njQuery(\"#c\").on('change', function() {\n    if(this.value == '') {\n      delete jsonQueryData.denuncias_alertas_estado;\n    } else {\n      jsonQueryData.denuncias_alertas_estado = this.value;\n    }\n    updateDataArray();\n});\n\njQuery(\"#txt\").on('change', function() {\n    if(this.value == '') {\n      delete jsonQueryData.texto;\n    } else {\n      jsonQueryData.texto = this.value;\n    }\n    updateDataArray();\n});\n\njQuery(\"li._7V5HC\").on('click', function() {\n    jsonQueryData.country = jQuery(this).attr(\"data-country\");\n    updateDataArray();\n});\n\njQuery(\"#reiniciar-filtros\").on('click', function() {\n    delete jsonQueryData.country;\n    delete jsonQueryData.case_status;\n    delete jsonQueryData.denuncias_alertas_estado;\n    delete jsonQueryData.tipo_violencia;\n    delete jsonQueryData.recurso_defendido;\n    delete jsonQueryData.comunidad_etnica;\n    delete jsonQueryData.genero;\n    delete jsonQueryData.texto;\n    updateDataArray();\n});\n\n\njQuery('body').on('click', '._3y9WO', function() {\n   jQuery.ajax({\n        url: \"\/wp-json\/tierra\/v1\/info_persona_en\/\" + this.id,\n        cache: false\n    })\n    .done(function( result ) {\n      jQuery('#footer').after(result);\n\n    });\n});\n\njQuery('body').on('click', '.sn3eJ button.Yy15N' , function(e){\n    jQuery('.sn3eJ').remove();\n});\n\njQuery('body').on('click', '.sn3eJ button.dpce3' , function(e){\n    var show = jQuery(this).attr('data-show');\n    jQuery('._3m0zD p').hide();\n    jQuery('.' + show).show();\n});\n\nfunction updateDataArray(){\n    jQuery('.loader').show();\n    jQuery('._1BZe5').css('opacity', '0.1');\n    jQuery.ajax({\n        type: 'post',\n        data: jsonQueryData,\n        url: \"\/wp-json\/tierra\/v1\/personas_bd_en\",\n        cache: false\n    })\n    .done(function( result ) {\n        jQuery('.loader').hide();\n        jQuery('._1BZe5').css('opacity', '1');\n        jQuery.each(JSON.parse(result), function(i, obj) {\n            jQuery('#y_' + i).html('');\n            jQuery.each(obj, function(j, pers) {\n                \n                jQuery('#y_' + i).append('<li data-country=\"' + pers.country + \n                    '\" class=\"_3y9WO\" id=\"' + pers._id + '\"><button type=\"button\" class=\"_2PzVl\" style=\"transition-delay:0.27335691875188606s\"><span class=\"_3fWzX\">' + \n                    pers.nombre_u_organizacion + '<\/span><\/button><\/li>');\n            });\n                       \n        });\n    \n  });\n}\n\n<\/script>\n<style>\n.loader {\n  border: 16px solid #f3f3f3;\n  border-radius: 50%;\n  border-top: 16px solid #3498db;\n  width: 120px;\n  height: 120px;\n  -webkit-animation: spin 2s linear infinite; \/* Safari *\/\n  animation: spin 2s linear infinite;\n  position: absolute;\n  left: 50%;\n}\n\n\/* Safari *\/\n@-webkit-keyframes spin {\n  0% { -webkit-transform: rotate(0deg); }\n  100% { -webkit-transform: rotate(360deg); }\n}\n\n@keyframes spin {\n  0% { transform: rotate(0deg); }\n  100% { transform: rotate(360deg); }\n}\n<\/style>\n\n\n\n<p><\/p>\n","protected":false},"excerpt":{"rendered":"<p>Argentina Bolivia Brazil Chile Colombia Ecuador Reset filters Guatemala Honduras Mexico Panam\u00e1 Peru Venezuela Download file The defenders in data Navigate the display by clicking on the country and\/or filters. Click on the sheets representing the leaders or organizations to read case information in detail. GENDER (x) All Man Woman No data Ethnic minor. (x) [&hellip;]<\/p>\n","protected":false},"author":1,"featured_media":0,"parent":0,"menu_order":0,"comment_status":"closed","ping_status":"closed","template":"","meta":{"_acf_changed":false,"_uf_show_specific_survey":0,"_uf_disable_surveys":false,"footnotes":""},"categories":[],"tags":[],"coauthors":[51],"class_list":["post-99","page","type-page","status-publish"],"acf":[],"yoast_head":"<!-- This site is optimized with the Yoast SEO plugin v26.4 - https:\/\/yoast.com\/wordpress\/plugins\/seo\/ -->\n<title>Datos<\/title>\n<meta name=\"robots\" content=\"index, follow, max-snippet:-1, max-image-preview:large, max-video-preview:-1\" \/>\n<link rel=\"canonical\" href=\"https:\/\/tierraderesistentes.com\/en\/datos\/\" \/>\n<meta name=\"twitter:label1\" content=\"Est. reading time\" \/>\n\t<meta name=\"twitter:data1\" content=\"16 minutes\" \/>\n\t<meta name=\"twitter:label2\" content=\"Written by\" \/>\n\t<meta name=\"twitter:data2\" content=\"admin\" \/>\n<!-- \/ Yoast SEO plugin. -->","yoast_head_json":{"title":"Datos","robots":{"index":"index","follow":"follow","max-snippet":"max-snippet:-1","max-image-preview":"max-image-preview:large","max-video-preview":"max-video-preview:-1"},"canonical":"https:\/\/tierraderesistentes.com\/en\/datos\/","twitter_misc":{"Est. reading time":"16 minutes","Written by":"admin"},"schema":{"@context":"https:\/\/schema.org","@graph":[{"@type":"WebPage","@id":"https:\/\/tierraderesistentes.com\/es\/datos\/","url":"https:\/\/tierraderesistentes.com\/es\/datos\/","name":"Datos","isPartOf":{"@id":"https:\/\/tierraderesistentes.com\/es\/#website"},"datePublished":"2020-03-02T23:37:08+00:00","dateModified":"2024-11-06T21:00:28+00:00","breadcrumb":{"@id":"https:\/\/tierraderesistentes.com\/es\/datos\/#breadcrumb"},"inLanguage":"en-US","potentialAction":[{"@type":"ReadAction","target":["https:\/\/tierraderesistentes.com\/es\/datos\/"]}]},{"@type":"BreadcrumbList","@id":"https:\/\/tierraderesistentes.com\/es\/datos\/#breadcrumb","itemListElement":[{"@type":"ListItem","position":1,"name":"Home","item":"https:\/\/tierraderesistentes.com\/es\/"},{"@type":"ListItem","position":2,"name":"Datos"}]},{"@type":"WebSite","@id":"https:\/\/tierraderesistentes.com\/es\/#website","url":"https:\/\/tierraderesistentes.com\/es\/","name":"Tierra de Resistentes | Consejo de Redacci\u00f3n","description":"Base de datos de defensores ambientales amenazados y asesinados en Latinoam\u00e9rica. Historias, fotograf\u00edas, videos y gr\u00e1ficos para entender la situaci\u00f3n de los resistentes.","publisher":{"@id":"https:\/\/tierraderesistentes.com\/es\/#organization"},"potentialAction":[{"@type":"SearchAction","target":{"@type":"EntryPoint","urlTemplate":"https:\/\/tierraderesistentes.com\/es\/?s={search_term_string}"},"query-input":{"@type":"PropertyValueSpecification","valueRequired":true,"valueName":"search_term_string"}}],"inLanguage":"en-US"},{"@type":"Organization","@id":"https:\/\/tierraderesistentes.com\/es\/#organization","name":"Tierra de resistentes","url":"https:\/\/tierraderesistentes.com\/es\/","logo":{"@type":"ImageObject","inLanguage":"en-US","@id":"https:\/\/tierraderesistentes.com\/es\/#\/schema\/logo\/image\/","url":"https:\/\/tierraderesistentes.com\/wp-content\/uploads\/2021\/01\/LogoEspanolAjustado-1.png","contentUrl":"https:\/\/tierraderesistentes.com\/wp-content\/uploads\/2021\/01\/LogoEspanolAjustado-1.png","width":1568,"height":944,"caption":"Tierra de resistentes"},"image":{"@id":"https:\/\/tierraderesistentes.com\/es\/#\/schema\/logo\/image\/"}}]}},"_links":{"self":[{"href":"https:\/\/tierraderesistentes.com\/en\/wp-json\/wp\/v2\/pages\/99","targetHints":{"allow":["GET"]}}],"collection":[{"href":"https:\/\/tierraderesistentes.com\/en\/wp-json\/wp\/v2\/pages"}],"about":[{"href":"https:\/\/tierraderesistentes.com\/en\/wp-json\/wp\/v2\/types\/page"}],"author":[{"embeddable":true,"href":"https:\/\/tierraderesistentes.com\/en\/wp-json\/wp\/v2\/users\/1"}],"replies":[{"embeddable":true,"href":"https:\/\/tierraderesistentes.com\/en\/wp-json\/wp\/v2\/comments?post=99"}],"version-history":[{"count":0,"href":"https:\/\/tierraderesistentes.com\/en\/wp-json\/wp\/v2\/pages\/99\/revisions"}],"wp:attachment":[{"href":"https:\/\/tierraderesistentes.com\/en\/wp-json\/wp\/v2\/media?parent=99"}],"wp:term":[{"taxonomy":"category","embeddable":true,"href":"https:\/\/tierraderesistentes.com\/en\/wp-json\/wp\/v2\/categories?post=99"},{"taxonomy":"post_tag","embeddable":true,"href":"https:\/\/tierraderesistentes.com\/en\/wp-json\/wp\/v2\/tags?post=99"},{"taxonomy":"author","embeddable":true,"href":"https:\/\/tierraderesistentes.com\/en\/wp-json\/wp\/v2\/coauthors?post=99"}],"curies":[{"name":"wp","href":"https:\/\/api.w.org\/{rel}","templated":true}]}}